{"id":8421,"date":"2024-11-01T17:17:18","date_gmt":"2024-11-01T17:17:18","guid":{"rendered":"https:\/\/glowupdz.com\/?post_type=product&#038;p=8421"},"modified":"2025-06-20T21:13:48","modified_gmt":"2025-06-20T21:13:48","slug":"robe-de-nuit-en-satin-%d9%86%d8%b3%d8%ae%d8%a9-%d9%86%d8%b3%d8%ae%d8%a9","status":"publish","type":"product","link":"https:\/\/glowupdz.com\/ar\/product\/robe-de-nuit-en-satin-%d9%86%d8%b3%d8%ae%d8%a9-%d9%86%d8%b3%d8%ae%d8%a9\/","title":{"rendered":"Robe de nuit  \u00e0 fleur 3D en dentelle"},"content":{"rendered":"<p class=\"product-intro__head-name fsp-element\" style=\"text-align: left;\" tabindex=\"0\">Robe de nuit femme cache-c\u0153ur transparent \u00e0 fleur 3D en dentelle de couleur unie<\/p>\n<div class=\"product-intro__head-sku-ctn\">\n<div class=\"product-intro__head-sku\"><\/div>\n<\/div>","protected":false},"excerpt":{"rendered":"<p>Robe de nuit femme cache-c\u0153ur transparent \u00e0 fleur 3D en dentelle de couleur unie<\/p>","protected":false},"featured_media":8364,"comment_status":"open","ping_status":"closed","template":"","meta":{"_monsterinsights_skip_tracking":false,"_monsterinsights_sitenote_active":false,"_monsterinsights_sitenote_note":"","_monsterinsights_sitenote_category":0},"product_brand":[260],"product_cat":[124],"product_tag":[],"class_list":{"0":"post-8421","1":"product","2":"type-product","3":"status-publish","4":"has-post-thumbnail","6":"product_brand-shein","7":"product_cat-clothes","9":"first","10":"outofstock","11":"sale","12":"taxable","13":"shipping-taxable","14":"purchasable","15":"product-type-variable"},"yoast_head":"<!-- This site is optimized with the Yoast SEO plugin v25.2 - https:\/\/yoast.com\/wordpress\/plugins\/seo\/ -->\n<title>Robe de nuit \u00e0 fleur 3D en dentelle - Glowup<\/title>\n<meta name=\"robots\" content=\"index, follow, max-snippet:-1, max-image-preview:large, max-video-preview:-1\" \/>\n<link rel=\"canonical\" href=\"https:\/\/glowupdz.com\/ar\/product\/robe-de-nuit-en-satin-\u0646\u0633\u062e\u0629-\u0646\u0633\u062e\u0629\/\" \/>\n<meta property=\"og:locale\" content=\"ar_AR\" \/>\n<meta property=\"og:type\" content=\"article\" \/>\n<meta property=\"og:title\" content=\"Robe de nuit \u00e0 fleur 3D en dentelle - Glowup\" \/>\n<meta property=\"og:description\" content=\"Robe de nuit femme cache-c\u0153ur transparent \u00e0 fleur 3D en dentelle de couleur unie\" \/>\n<meta property=\"og:url\" content=\"https:\/\/glowupdz.com\/ar\/product\/robe-de-nuit-en-satin-\u0646\u0633\u062e\u0629-\u0646\u0633\u062e\u0629\/\" \/>\n<meta property=\"og:site_name\" content=\"Glowup\" \/>\n<meta property=\"article:publisher\" content=\"https:\/\/www.facebook.com\/NADA.GUERFAL\/\" \/>\n<meta property=\"article:modified_time\" content=\"2025-06-20T21:13:48+00:00\" \/>\n<meta property=\"og:image\" content=\"https:\/\/glowupdz.com\/wp-content\/uploads\/2024\/11\/IMG_20241129_234657_871.jpg\" \/>\n\t<meta property=\"og:image:width\" content=\"1000\" \/>\n\t<meta property=\"og:image:height\" content=\"1280\" \/>\n\t<meta property=\"og:image:type\" content=\"image\/jpeg\" \/>\n<meta name=\"twitter:card\" content=\"summary_large_image\" \/>\n<meta name=\"twitter:label1\" content=\"\u0648\u0642\u062a \u0627\u0644\u0642\u0631\u0627\u0621\u0629 \u0627\u0644\u0645\u064f\u0642\u062f\u0651\u0631\" \/>\n\t<meta name=\"twitter:data1\" content=\"\u062f\u0642\u064a\u0642\u0629 \u0648\u0627\u062d\u062f\u0629\" \/>\n<script type=\"application\/ld+json\" class=\"yoast-schema-graph\">{\"@context\":\"https:\/\/schema.org\",\"@graph\":[{\"@type\":\"WebPage\",\"@id\":\"https:\/\/glowupdz.com\/product\/robe-de-nuit-en-satin-%d9%86%d8%b3%d8%ae%d8%a9-%d9%86%d8%b3%d8%ae%d8%a9\/\",\"url\":\"https:\/\/glowupdz.com\/product\/robe-de-nuit-en-satin-%d9%86%d8%b3%d8%ae%d8%a9-%d9%86%d8%b3%d8%ae%d8%a9\/\",\"name\":\"Robe de nuit \u00e0 fleur 3D en dentelle - Glowup\",\"isPartOf\":{\"@id\":\"https:\/\/glowupdz.com\/#website\"},\"primaryImageOfPage\":{\"@id\":\"https:\/\/glowupdz.com\/product\/robe-de-nuit-en-satin-%d9%86%d8%b3%d8%ae%d8%a9-%d9%86%d8%b3%d8%ae%d8%a9\/#primaryimage\"},\"image\":{\"@id\":\"https:\/\/glowupdz.com\/product\/robe-de-nuit-en-satin-%d9%86%d8%b3%d8%ae%d8%a9-%d9%86%d8%b3%d8%ae%d8%a9\/#primaryimage\"},\"thumbnailUrl\":\"https:\/\/glowupdz.com\/wp-content\/uploads\/2024\/11\/IMG_20241129_234657_871.jpg\",\"datePublished\":\"2024-11-01T17:17:18+00:00\",\"dateModified\":\"2025-06-20T21:13:48+00:00\",\"breadcrumb\":{\"@id\":\"https:\/\/glowupdz.com\/product\/robe-de-nuit-en-satin-%d9%86%d8%b3%d8%ae%d8%a9-%d9%86%d8%b3%d8%ae%d8%a9\/#breadcrumb\"},\"inLanguage\":\"ar\",\"potentialAction\":[{\"@type\":\"ReadAction\",\"target\":[\"https:\/\/glowupdz.com\/product\/robe-de-nuit-en-satin-%d9%86%d8%b3%d8%ae%d8%a9-%d9%86%d8%b3%d8%ae%d8%a9\/\"]}]},{\"@type\":\"ImageObject\",\"inLanguage\":\"ar\",\"@id\":\"https:\/\/glowupdz.com\/product\/robe-de-nuit-en-satin-%d9%86%d8%b3%d8%ae%d8%a9-%d9%86%d8%b3%d8%ae%d8%a9\/#primaryimage\",\"url\":\"https:\/\/glowupdz.com\/wp-content\/uploads\/2024\/11\/IMG_20241129_234657_871.jpg\",\"contentUrl\":\"https:\/\/glowupdz.com\/wp-content\/uploads\/2024\/11\/IMG_20241129_234657_871.jpg\",\"width\":1000,\"height\":1280},{\"@type\":\"BreadcrumbList\",\"@id\":\"https:\/\/glowupdz.com\/product\/robe-de-nuit-en-satin-%d9%86%d8%b3%d8%ae%d8%a9-%d9%86%d8%b3%d8%ae%d8%a9\/#breadcrumb\",\"itemListElement\":[{\"@type\":\"ListItem\",\"position\":1,\"name\":\"\u0627\u0644\u0631\u0626\u064a\u0633\u064a\u0629\",\"item\":\"https:\/\/glowupdz.com\/\"},{\"@type\":\"ListItem\",\"position\":2,\"name\":\"Shop\",\"item\":\"https:\/\/glowupdz.com\/shop\/\"},{\"@type\":\"ListItem\",\"position\":3,\"name\":\"Robe de nuit \u00e0 fleur 3D en dentelle\"}]},{\"@type\":\"WebSite\",\"@id\":\"https:\/\/glowupdz.com\/#website\",\"url\":\"https:\/\/glowupdz.com\/\",\"name\":\"Glowup\",\"description\":\"\u0645\u062a\u062c\u0631 \u0645\u0646\u062a\u062c\u0627\u062a \u0627\u0644\u062a\u062c\u0645\u064a\u0644 \u0648\u0627\u0644\u0639\u0646\u0627\u064a\u0629 \u0628\u0627\u0644\u0628\u0634\u0631\u0629\",\"publisher\":{\"@id\":\"https:\/\/glowupdz.com\/#organization\"},\"potentialAction\":[{\"@type\":\"SearchAction\",\"target\":{\"@type\":\"EntryPoint\",\"urlTemplate\":\"https:\/\/glowupdz.com\/?s={search_term_string}\"},\"query-input\":{\"@type\":\"PropertyValueSpecification\",\"valueRequired\":true,\"valueName\":\"search_term_string\"}}],\"inLanguage\":\"ar\"},{\"@type\":\"Organization\",\"@id\":\"https:\/\/glowupdz.com\/#organization\",\"name\":\"Glowup\",\"url\":\"https:\/\/glowupdz.com\/\",\"logo\":{\"@type\":\"ImageObject\",\"inLanguage\":\"ar\",\"@id\":\"https:\/\/glowupdz.com\/#\/schema\/logo\/image\/\",\"url\":\"https:\/\/glowupdz.com\/wp-content\/uploads\/2024\/10\/e7zGHyBexuscIqNpdFrtjAT8tNaqQR1LxFbQ0Tub.png\",\"contentUrl\":\"https:\/\/glowupdz.com\/wp-content\/uploads\/2024\/10\/e7zGHyBexuscIqNpdFrtjAT8tNaqQR1LxFbQ0Tub.png\",\"width\":450,\"height\":100,\"caption\":\"Glowup\"},\"image\":{\"@id\":\"https:\/\/glowupdz.com\/#\/schema\/logo\/image\/\"},\"sameAs\":[\"https:\/\/www.facebook.com\/NADA.GUERFAL\/\",\"https:\/\/www.instagram.com\/glow_up_dz\/?hl=en\",\"https:\/\/www.tiktok.com\/@glowupdz\"]}]}<\/script>\n<!-- \/ Yoast SEO plugin. -->","yoast_head_json":{"title":"Robe de nuit \u00e0 fleur 3D en dentelle - Glowup","robots":{"index":"index","follow":"follow","max-snippet":"max-snippet:-1","max-image-preview":"max-image-preview:large","max-video-preview":"max-video-preview:-1"},"canonical":"https:\/\/glowupdz.com\/ar\/product\/robe-de-nuit-en-satin-\u0646\u0633\u062e\u0629-\u0646\u0633\u062e\u0629\/","og_locale":"ar_AR","og_type":"article","og_title":"Robe de nuit \u00e0 fleur 3D en dentelle - Glowup","og_description":"Robe de nuit femme cache-c\u0153ur transparent \u00e0 fleur 3D en dentelle de couleur unie","og_url":"https:\/\/glowupdz.com\/ar\/product\/robe-de-nuit-en-satin-\u0646\u0633\u062e\u0629-\u0646\u0633\u062e\u0629\/","og_site_name":"Glowup","article_publisher":"https:\/\/www.facebook.com\/NADA.GUERFAL\/","article_modified_time":"2025-06-20T21:13:48+00:00","og_image":[{"width":1000,"height":1280,"url":"https:\/\/glowupdz.com\/wp-content\/uploads\/2024\/11\/IMG_20241129_234657_871.jpg","type":"image\/jpeg"}],"twitter_card":"summary_large_image","twitter_misc":{"\u0648\u0642\u062a \u0627\u0644\u0642\u0631\u0627\u0621\u0629 \u0627\u0644\u0645\u064f\u0642\u062f\u0651\u0631":"\u062f\u0642\u064a\u0642\u0629 \u0648\u0627\u062d\u062f\u0629"},"schema":{"@context":"https:\/\/schema.org","@graph":[{"@type":"WebPage","@id":"https:\/\/glowupdz.com\/product\/robe-de-nuit-en-satin-%d9%86%d8%b3%d8%ae%d8%a9-%d9%86%d8%b3%d8%ae%d8%a9\/","url":"https:\/\/glowupdz.com\/product\/robe-de-nuit-en-satin-%d9%86%d8%b3%d8%ae%d8%a9-%d9%86%d8%b3%d8%ae%d8%a9\/","name":"Robe de nuit \u00e0 fleur 3D en dentelle - Glowup","isPartOf":{"@id":"https:\/\/glowupdz.com\/#website"},"primaryImageOfPage":{"@id":"https:\/\/glowupdz.com\/product\/robe-de-nuit-en-satin-%d9%86%d8%b3%d8%ae%d8%a9-%d9%86%d8%b3%d8%ae%d8%a9\/#primaryimage"},"image":{"@id":"https:\/\/glowupdz.com\/product\/robe-de-nuit-en-satin-%d9%86%d8%b3%d8%ae%d8%a9-%d9%86%d8%b3%d8%ae%d8%a9\/#primaryimage"},"thumbnailUrl":"https:\/\/glowupdz.com\/wp-content\/uploads\/2024\/11\/IMG_20241129_234657_871.jpg","datePublished":"2024-11-01T17:17:18+00:00","dateModified":"2025-06-20T21:13:48+00:00","breadcrumb":{"@id":"https:\/\/glowupdz.com\/product\/robe-de-nuit-en-satin-%d9%86%d8%b3%d8%ae%d8%a9-%d9%86%d8%b3%d8%ae%d8%a9\/#breadcrumb"},"inLanguage":"ar","potentialAction":[{"@type":"ReadAction","target":["https:\/\/glowupdz.com\/product\/robe-de-nuit-en-satin-%d9%86%d8%b3%d8%ae%d8%a9-%d9%86%d8%b3%d8%ae%d8%a9\/"]}]},{"@type":"ImageObject","inLanguage":"ar","@id":"https:\/\/glowupdz.com\/product\/robe-de-nuit-en-satin-%d9%86%d8%b3%d8%ae%d8%a9-%d9%86%d8%b3%d8%ae%d8%a9\/#primaryimage","url":"https:\/\/glowupdz.com\/wp-content\/uploads\/2024\/11\/IMG_20241129_234657_871.jpg","contentUrl":"https:\/\/glowupdz.com\/wp-content\/uploads\/2024\/11\/IMG_20241129_234657_871.jpg","width":1000,"height":1280},{"@type":"BreadcrumbList","@id":"https:\/\/glowupdz.com\/product\/robe-de-nuit-en-satin-%d9%86%d8%b3%d8%ae%d8%a9-%d9%86%d8%b3%d8%ae%d8%a9\/#breadcrumb","itemListElement":[{"@type":"ListItem","position":1,"name":"\u0627\u0644\u0631\u0626\u064a\u0633\u064a\u0629","item":"https:\/\/glowupdz.com\/"},{"@type":"ListItem","position":2,"name":"Shop","item":"https:\/\/glowupdz.com\/shop\/"},{"@type":"ListItem","position":3,"name":"Robe de nuit \u00e0 fleur 3D en dentelle"}]},{"@type":"WebSite","@id":"https:\/\/glowupdz.com\/#website","url":"https:\/\/glowupdz.com\/","name":"Glowup","description":"\u0645\u062a\u062c\u0631 \u0645\u0646\u062a\u062c\u0627\u062a \u0627\u0644\u062a\u062c\u0645\u064a\u0644 \u0648\u0627\u0644\u0639\u0646\u0627\u064a\u0629 \u0628\u0627\u0644\u0628\u0634\u0631\u0629","publisher":{"@id":"https:\/\/glowupdz.com\/#organization"},"potentialAction":[{"@type":"SearchAction","target":{"@type":"EntryPoint","urlTemplate":"https:\/\/glowupdz.com\/?s={search_term_string}"},"query-input":{"@type":"PropertyValueSpecification","valueRequired":true,"valueName":"search_term_string"}}],"inLanguage":"ar"},{"@type":"Organization","@id":"https:\/\/glowupdz.com\/#organization","name":"Glowup","url":"https:\/\/glowupdz.com\/","logo":{"@type":"ImageObject","inLanguage":"ar","@id":"https:\/\/glowupdz.com\/#\/schema\/logo\/image\/","url":"https:\/\/glowupdz.com\/wp-content\/uploads\/2024\/10\/e7zGHyBexuscIqNpdFrtjAT8tNaqQR1LxFbQ0Tub.png","contentUrl":"https:\/\/glowupdz.com\/wp-content\/uploads\/2024\/10\/e7zGHyBexuscIqNpdFrtjAT8tNaqQR1LxFbQ0Tub.png","width":450,"height":100,"caption":"Glowup"},"image":{"@id":"https:\/\/glowupdz.com\/#\/schema\/logo\/image\/"},"sameAs":["https:\/\/www.facebook.com\/NADA.GUERFAL\/","https:\/\/www.instagram.com\/glow_up_dz\/?hl=en","https:\/\/www.tiktok.com\/@glowupdz"]}]}},"_links":{"self":[{"href":"https:\/\/glowupdz.com\/ar\/wp-json\/wp\/v2\/product\/8421","targetHints":{"allow":["GET"]}}],"collection":[{"href":"https:\/\/glowupdz.com\/ar\/wp-json\/wp\/v2\/product"}],"about":[{"href":"https:\/\/glowupdz.com\/ar\/wp-json\/wp\/v2\/types\/product"}],"replies":[{"embeddable":true,"href":"https:\/\/glowupdz.com\/ar\/wp-json\/wp\/v2\/comments?post=8421"}],"wp:featuredmedia":[{"embeddable":true,"href":"https:\/\/glowupdz.com\/ar\/wp-json\/wp\/v2\/media\/8364"}],"wp:attachment":[{"href":"https:\/\/glowupdz.com\/ar\/wp-json\/wp\/v2\/media?parent=8421"}],"wp:term":[{"taxonomy":"product_brand","embeddable":true,"href":"https:\/\/glowupdz.com\/ar\/wp-json\/wp\/v2\/product_brand?post=8421"},{"taxonomy":"product_cat","embeddable":true,"href":"https:\/\/glowupdz.com\/ar\/wp-json\/wp\/v2\/product_cat?post=8421"},{"taxonomy":"product_tag","embeddable":true,"href":"https:\/\/glowupdz.com\/ar\/wp-json\/wp\/v2\/product_tag?post=8421"}],"curies":[{"name":"wp","href":"https:\/\/api.w.org\/{rel}","templated":true}]}}