{"id":10264,"date":"2025-05-19T18:39:08","date_gmt":"2025-05-19T18:39:08","guid":{"rendered":"https:\/\/glowupdz.com\/?post_type=product&#038;p=10264"},"modified":"2025-08-21T14:29:05","modified_gmt":"2025-08-21T14:29:05","slug":"probio-cica-enrich-cream-15-ml-3-2","status":"publish","type":"product","link":"https:\/\/glowupdz.com\/ar\/product\/probio-cica-enrich-cream-15-ml-3-2\/","title":{"rendered":"My Lash Serum 18 g"},"content":{"rendered":"<p><strong>Bienfaits et avantages :<\/strong><\/p>\n<p>Le s\u00e9rum quotidien pour les cils qui nourrit vos cils gr\u00e2ce \u00e0 la biotine.<br \/>\nCe gel \u00e0 la texture clair est rapidement absorb\u00e9 par la peau, sans effet collant.<br \/>\nFacile \u00e0 appliquer gr\u00e2ce \u00e0 la brosse d&#8217;application d&#8217;un mascara, elle assure l&#8217;application du s\u00e9rum de la racine \u00e0 la fin des cils gr\u00e2ce \u00e0 des poils denses.<\/p>\n<p><strong>Utilisation<\/strong> :<\/p>\n<p>Peignez les cils des racines aux pointes dans la routine soins du soir.<\/p>","protected":false},"excerpt":{"rendered":"<p>Bienfaits et avantages : Le s\u00e9rum quotidien pour les cils qui nourrit vos cils gr\u00e2ce \u00e0 la biotine. Ce gel \u00e0 la texture clair est rapidement absorb\u00e9 par la peau, sans effet collant. Facile \u00e0 appliquer gr\u00e2ce \u00e0 la brosse d&#8217;application d&#8217;un mascara, elle assure l&#8217;application du s\u00e9rum de la racine \u00e0 la fin des [&hellip;]<\/p>\n","protected":false},"featured_media":10265,"comment_status":"open","ping_status":"closed","template":"","meta":{"_monsterinsights_skip_tracking":false,"_monsterinsights_sitenote_active":false,"_monsterinsights_sitenote_note":"","_monsterinsights_sitenote_category":0},"product_brand":[306],"product_cat":[126,104,85,112,308],"product_tag":[],"class_list":{"0":"post-10264","1":"product","2":"type-product","3":"status-publish","4":"has-post-thumbnail","6":"product_brand-etude-house","7":"product_cat-cosmetics","8":"product_cat-face-care","9":"product_cat-sale","10":"product_cat-serum-face-care","11":"product_cat-skin-care","13":"first","14":"outofstock","15":"taxable","16":"shipping-taxable","17":"purchasable","18":"product-type-simple"},"yoast_head":"<!-- This site is optimized with the Yoast SEO plugin v25.2 - https:\/\/yoast.com\/wordpress\/plugins\/seo\/ -->\n<title>My Lash Serum 18 g - Glowup<\/title>\n<meta name=\"robots\" content=\"index, follow, max-snippet:-1, max-image-preview:large, max-video-preview:-1\" \/>\n<link rel=\"canonical\" href=\"https:\/\/glowupdz.com\/ar\/product\/probio-cica-enrich-cream-15-ml-3-2\/\" \/>\n<meta property=\"og:locale\" content=\"ar_AR\" \/>\n<meta property=\"og:type\" content=\"article\" \/>\n<meta property=\"og:title\" content=\"My Lash Serum 18 g - Glowup\" \/>\n<meta property=\"og:description\" content=\"Bienfaits et avantages : Le s\u00e9rum quotidien pour les cils qui nourrit vos cils gr\u00e2ce \u00e0 la biotine. Ce gel \u00e0 la texture clair est rapidement absorb\u00e9 par la peau, sans effet collant. Facile \u00e0 appliquer gr\u00e2ce \u00e0 la brosse d&#8217;application d&#8217;un mascara, elle assure l&#8217;application du s\u00e9rum de la racine \u00e0 la fin des [&hellip;]\" \/>\n<meta property=\"og:url\" content=\"https:\/\/glowupdz.com\/ar\/product\/probio-cica-enrich-cream-15-ml-3-2\/\" \/>\n<meta property=\"og:site_name\" content=\"Glowup\" \/>\n<meta property=\"article:publisher\" content=\"https:\/\/www.facebook.com\/NADA.GUERFAL\/\" \/>\n<meta property=\"article:modified_time\" content=\"2025-08-21T14:29:05+00:00\" \/>\n<meta property=\"og:image\" content=\"https:\/\/glowupdz.com\/wp-content\/uploads\/2025\/05\/1000043450-1.jpg\" \/>\n\t<meta property=\"og:image:width\" content=\"554\" \/>\n\t<meta property=\"og:image:height\" content=\"554\" \/>\n\t<meta property=\"og:image:type\" content=\"image\/jpeg\" \/>\n<meta name=\"twitter:card\" content=\"summary_large_image\" \/>\n<script type=\"application\/ld+json\" class=\"yoast-schema-graph\">{\"@context\":\"https:\/\/schema.org\",\"@graph\":[{\"@type\":\"WebPage\",\"@id\":\"https:\/\/glowupdz.com\/product\/probio-cica-enrich-cream-15-ml-3-2\/\",\"url\":\"https:\/\/glowupdz.com\/product\/probio-cica-enrich-cream-15-ml-3-2\/\",\"name\":\"My Lash Serum 18 g - Glowup\",\"isPartOf\":{\"@id\":\"https:\/\/glowupdz.com\/#website\"},\"primaryImageOfPage\":{\"@id\":\"https:\/\/glowupdz.com\/product\/probio-cica-enrich-cream-15-ml-3-2\/#primaryimage\"},\"image\":{\"@id\":\"https:\/\/glowupdz.com\/product\/probio-cica-enrich-cream-15-ml-3-2\/#primaryimage\"},\"thumbnailUrl\":\"https:\/\/glowupdz.com\/wp-content\/uploads\/2025\/05\/1000043450-1.jpg\",\"datePublished\":\"2025-05-19T18:39:08+00:00\",\"dateModified\":\"2025-08-21T14:29:05+00:00\",\"breadcrumb\":{\"@id\":\"https:\/\/glowupdz.com\/product\/probio-cica-enrich-cream-15-ml-3-2\/#breadcrumb\"},\"inLanguage\":\"ar\",\"potentialAction\":[{\"@type\":\"ReadAction\",\"target\":[\"https:\/\/glowupdz.com\/product\/probio-cica-enrich-cream-15-ml-3-2\/\"]}]},{\"@type\":\"ImageObject\",\"inLanguage\":\"ar\",\"@id\":\"https:\/\/glowupdz.com\/product\/probio-cica-enrich-cream-15-ml-3-2\/#primaryimage\",\"url\":\"https:\/\/glowupdz.com\/wp-content\/uploads\/2025\/05\/1000043450-1.jpg\",\"contentUrl\":\"https:\/\/glowupdz.com\/wp-content\/uploads\/2025\/05\/1000043450-1.jpg\",\"width\":554,\"height\":554},{\"@type\":\"BreadcrumbList\",\"@id\":\"https:\/\/glowupdz.com\/product\/probio-cica-enrich-cream-15-ml-3-2\/#breadcrumb\",\"itemListElement\":[{\"@type\":\"ListItem\",\"position\":1,\"name\":\"\u0627\u0644\u0631\u0626\u064a\u0633\u064a\u0629\",\"item\":\"https:\/\/glowupdz.com\/\"},{\"@type\":\"ListItem\",\"position\":2,\"name\":\"Shop\",\"item\":\"https:\/\/glowupdz.com\/shop\/\"},{\"@type\":\"ListItem\",\"position\":3,\"name\":\"My Lash Serum 18 g\"}]},{\"@type\":\"WebSite\",\"@id\":\"https:\/\/glowupdz.com\/#website\",\"url\":\"https:\/\/glowupdz.com\/\",\"name\":\"Glowup\",\"description\":\"\u0645\u062a\u062c\u0631 \u0645\u0646\u062a\u062c\u0627\u062a \u0627\u0644\u062a\u062c\u0645\u064a\u0644 \u0648\u0627\u0644\u0639\u0646\u0627\u064a\u0629 \u0628\u0627\u0644\u0628\u0634\u0631\u0629\",\"publisher\":{\"@id\":\"https:\/\/glowupdz.com\/#organization\"},\"potentialAction\":[{\"@type\":\"SearchAction\",\"target\":{\"@type\":\"EntryPoint\",\"urlTemplate\":\"https:\/\/glowupdz.com\/?s={search_term_string}\"},\"query-input\":{\"@type\":\"PropertyValueSpecification\",\"valueRequired\":true,\"valueName\":\"search_term_string\"}}],\"inLanguage\":\"ar\"},{\"@type\":\"Organization\",\"@id\":\"https:\/\/glowupdz.com\/#organization\",\"name\":\"Glowup\",\"url\":\"https:\/\/glowupdz.com\/\",\"logo\":{\"@type\":\"ImageObject\",\"inLanguage\":\"ar\",\"@id\":\"https:\/\/glowupdz.com\/#\/schema\/logo\/image\/\",\"url\":\"https:\/\/glowupdz.com\/wp-content\/uploads\/2024\/10\/e7zGHyBexuscIqNpdFrtjAT8tNaqQR1LxFbQ0Tub.png\",\"contentUrl\":\"https:\/\/glowupdz.com\/wp-content\/uploads\/2024\/10\/e7zGHyBexuscIqNpdFrtjAT8tNaqQR1LxFbQ0Tub.png\",\"width\":450,\"height\":100,\"caption\":\"Glowup\"},\"image\":{\"@id\":\"https:\/\/glowupdz.com\/#\/schema\/logo\/image\/\"},\"sameAs\":[\"https:\/\/www.facebook.com\/NADA.GUERFAL\/\",\"https:\/\/www.instagram.com\/glow_up_dz\/?hl=en\",\"https:\/\/www.tiktok.com\/@glowupdz\"]}]}<\/script>\n<!-- \/ Yoast SEO plugin. -->","yoast_head_json":{"title":"My Lash Serum 18 g - Glowup","robots":{"index":"index","follow":"follow","max-snippet":"max-snippet:-1","max-image-preview":"max-image-preview:large","max-video-preview":"max-video-preview:-1"},"canonical":"https:\/\/glowupdz.com\/ar\/product\/probio-cica-enrich-cream-15-ml-3-2\/","og_locale":"ar_AR","og_type":"article","og_title":"My Lash Serum 18 g - Glowup","og_description":"Bienfaits et avantages : Le s\u00e9rum quotidien pour les cils qui nourrit vos cils gr\u00e2ce \u00e0 la biotine. Ce gel \u00e0 la texture clair est rapidement absorb\u00e9 par la peau, sans effet collant. Facile \u00e0 appliquer gr\u00e2ce \u00e0 la brosse d&#8217;application d&#8217;un mascara, elle assure l&#8217;application du s\u00e9rum de la racine \u00e0 la fin des [&hellip;]","og_url":"https:\/\/glowupdz.com\/ar\/product\/probio-cica-enrich-cream-15-ml-3-2\/","og_site_name":"Glowup","article_publisher":"https:\/\/www.facebook.com\/NADA.GUERFAL\/","article_modified_time":"2025-08-21T14:29:05+00:00","og_image":[{"width":554,"height":554,"url":"https:\/\/glowupdz.com\/wp-content\/uploads\/2025\/05\/1000043450-1.jpg","type":"image\/jpeg"}],"twitter_card":"summary_large_image","schema":{"@context":"https:\/\/schema.org","@graph":[{"@type":"WebPage","@id":"https:\/\/glowupdz.com\/product\/probio-cica-enrich-cream-15-ml-3-2\/","url":"https:\/\/glowupdz.com\/product\/probio-cica-enrich-cream-15-ml-3-2\/","name":"My Lash Serum 18 g - Glowup","isPartOf":{"@id":"https:\/\/glowupdz.com\/#website"},"primaryImageOfPage":{"@id":"https:\/\/glowupdz.com\/product\/probio-cica-enrich-cream-15-ml-3-2\/#primaryimage"},"image":{"@id":"https:\/\/glowupdz.com\/product\/probio-cica-enrich-cream-15-ml-3-2\/#primaryimage"},"thumbnailUrl":"https:\/\/glowupdz.com\/wp-content\/uploads\/2025\/05\/1000043450-1.jpg","datePublished":"2025-05-19T18:39:08+00:00","dateModified":"2025-08-21T14:29:05+00:00","breadcrumb":{"@id":"https:\/\/glowupdz.com\/product\/probio-cica-enrich-cream-15-ml-3-2\/#breadcrumb"},"inLanguage":"ar","potentialAction":[{"@type":"ReadAction","target":["https:\/\/glowupdz.com\/product\/probio-cica-enrich-cream-15-ml-3-2\/"]}]},{"@type":"ImageObject","inLanguage":"ar","@id":"https:\/\/glowupdz.com\/product\/probio-cica-enrich-cream-15-ml-3-2\/#primaryimage","url":"https:\/\/glowupdz.com\/wp-content\/uploads\/2025\/05\/1000043450-1.jpg","contentUrl":"https:\/\/glowupdz.com\/wp-content\/uploads\/2025\/05\/1000043450-1.jpg","width":554,"height":554},{"@type":"BreadcrumbList","@id":"https:\/\/glowupdz.com\/product\/probio-cica-enrich-cream-15-ml-3-2\/#breadcrumb","itemListElement":[{"@type":"ListItem","position":1,"name":"\u0627\u0644\u0631\u0626\u064a\u0633\u064a\u0629","item":"https:\/\/glowupdz.com\/"},{"@type":"ListItem","position":2,"name":"Shop","item":"https:\/\/glowupdz.com\/shop\/"},{"@type":"ListItem","position":3,"name":"My Lash Serum 18 g"}]},{"@type":"WebSite","@id":"https:\/\/glowupdz.com\/#website","url":"https:\/\/glowupdz.com\/","name":"Glowup","description":"\u0645\u062a\u062c\u0631 \u0645\u0646\u062a\u062c\u0627\u062a \u0627\u0644\u062a\u062c\u0645\u064a\u0644 \u0648\u0627\u0644\u0639\u0646\u0627\u064a\u0629 \u0628\u0627\u0644\u0628\u0634\u0631\u0629","publisher":{"@id":"https:\/\/glowupdz.com\/#organization"},"potentialAction":[{"@type":"SearchAction","target":{"@type":"EntryPoint","urlTemplate":"https:\/\/glowupdz.com\/?s={search_term_string}"},"query-input":{"@type":"PropertyValueSpecification","valueRequired":true,"valueName":"search_term_string"}}],"inLanguage":"ar"},{"@type":"Organization","@id":"https:\/\/glowupdz.com\/#organization","name":"Glowup","url":"https:\/\/glowupdz.com\/","logo":{"@type":"ImageObject","inLanguage":"ar","@id":"https:\/\/glowupdz.com\/#\/schema\/logo\/image\/","url":"https:\/\/glowupdz.com\/wp-content\/uploads\/2024\/10\/e7zGHyBexuscIqNpdFrtjAT8tNaqQR1LxFbQ0Tub.png","contentUrl":"https:\/\/glowupdz.com\/wp-content\/uploads\/2024\/10\/e7zGHyBexuscIqNpdFrtjAT8tNaqQR1LxFbQ0Tub.png","width":450,"height":100,"caption":"Glowup"},"image":{"@id":"https:\/\/glowupdz.com\/#\/schema\/logo\/image\/"},"sameAs":["https:\/\/www.facebook.com\/NADA.GUERFAL\/","https:\/\/www.instagram.com\/glow_up_dz\/?hl=en","https:\/\/www.tiktok.com\/@glowupdz"]}]}},"_links":{"self":[{"href":"https:\/\/glowupdz.com\/ar\/wp-json\/wp\/v2\/product\/10264","targetHints":{"allow":["GET"]}}],"collection":[{"href":"https:\/\/glowupdz.com\/ar\/wp-json\/wp\/v2\/product"}],"about":[{"href":"https:\/\/glowupdz.com\/ar\/wp-json\/wp\/v2\/types\/product"}],"replies":[{"embeddable":true,"href":"https:\/\/glowupdz.com\/ar\/wp-json\/wp\/v2\/comments?post=10264"}],"wp:featuredmedia":[{"embeddable":true,"href":"https:\/\/glowupdz.com\/ar\/wp-json\/wp\/v2\/media\/10265"}],"wp:attachment":[{"href":"https:\/\/glowupdz.com\/ar\/wp-json\/wp\/v2\/media?parent=10264"}],"wp:term":[{"taxonomy":"product_brand","embeddable":true,"href":"https:\/\/glowupdz.com\/ar\/wp-json\/wp\/v2\/product_brand?post=10264"},{"taxonomy":"product_cat","embeddable":true,"href":"https:\/\/glowupdz.com\/ar\/wp-json\/wp\/v2\/product_cat?post=10264"},{"taxonomy":"product_tag","embeddable":true,"href":"https:\/\/glowupdz.com\/ar\/wp-json\/wp\/v2\/product_tag?post=10264"}],"curies":[{"name":"wp","href":"https:\/\/api.w.org\/{rel}","templated":true}]}}