{"id":10259,"date":"2025-05-19T18:23:07","date_gmt":"2025-05-19T18:23:07","guid":{"rendered":"https:\/\/glowupdz.com\/?post_type=product&#038;p=10259"},"modified":"2025-06-12T16:41:08","modified_gmt":"2025-06-12T16:41:08","slug":"probio-cica-enrich-cream-15-ml-2","status":"publish","type":"product","link":"https:\/\/glowupdz.com\/ar\/product\/probio-cica-enrich-cream-15-ml-2\/","title":{"rendered":"Tranexamic Acid + Glutathione Eye Cream 30ml"},"content":{"rendered":"<p><strong>Bienfaits et avantages :<\/strong><br \/>\nCette cr\u00e8me contour des yeux cruelty-free est enrichie en 1000 ppm d&#8217;acide tranexamique et en glutathion, pour aider \u00e0 lutter contre les cernes et les taches de rousseur tout en affinant le grain de peau et en illuminant la zone du contour des yeux.<br \/>\nSon glutathion aux puissantes propri\u00e9t\u00e9s antioxydantes et son acide tranexamique illuminateur inhibent la synth\u00e8se de la m\u00e9lanine, pour revitaliser et illuminer la peau fatigu\u00e9e du contour des yeux.<br \/>\nContient \u00e9galement de la vitamine C pour r\u00e9duire l&#8217;apparence des taches de rousseur et stimuler la production de collag\u00e8ne.<br \/>\nFormul\u00e9e exclusivement \u00e0 base d&#8217;ingr\u00e9dients certifi\u00e9s EWG Green Grade.<br \/>\nTest\u00e9 sous contr\u00f4le dermatologique.<\/p>\n<p><strong>Utilisation<\/strong> :<\/p>\n<p>1. Appliquez une petite quantit\u00e9 de produit sur votre contour des yeux du bout de l&#8217;annulaire. Tapotez d\u00e9licatement pour une meilleure absorption.<\/p>\n<p>2. \u00c0 utiliser matin et soir.<\/p>\n<p><strong>Autres informations<\/strong><br \/>\nR\u00e9f\u00e9rence de traduction pour l\u2019emballage de produits de beaut\u00e9 cor\u00e9ens :<\/p>","protected":false},"excerpt":{"rendered":"<p>Bienfaits et avantages : Cette cr\u00e8me contour des yeux cruelty-free est enrichie en 1000 ppm d&#8217;acide tranexamique et en glutathion, pour aider \u00e0 lutter contre les cernes et les taches de rousseur tout en affinant le grain de peau et en illuminant la zone du contour des yeux. Son glutathion aux puissantes propri\u00e9t\u00e9s antioxydantes et [&hellip;]<\/p>\n","protected":false},"featured_media":10261,"comment_status":"open","ping_status":"closed","template":"","meta":{"_monsterinsights_skip_tracking":false,"_monsterinsights_sitenote_active":false,"_monsterinsights_sitenote_note":"","_monsterinsights_sitenote_category":0},"product_brand":[307],"product_cat":[126,115,104,113,85,308],"product_tag":[],"class_list":{"0":"post-10259","1":"product","2":"type-product","3":"status-publish","4":"has-post-thumbnail","6":"product_brand-mary-may","7":"product_cat-cosmetics","8":"product_cat-cream","9":"product_cat-face-care","10":"product_cat-moisturizer-face-care","11":"product_cat-sale","12":"product_cat-skin-care","14":"first","15":"instock","16":"taxable","17":"shipping-taxable","18":"purchasable","19":"product-type-simple"},"yoast_head":"<!-- This site is optimized with the Yoast SEO plugin v25.2 - https:\/\/yoast.com\/wordpress\/plugins\/seo\/ -->\n<title>Tranexamic Acid + Glutathione Eye Cream 30ml - Glowup<\/title>\n<meta name=\"robots\" content=\"index, follow, max-snippet:-1, max-image-preview:large, max-video-preview:-1\" \/>\n<link rel=\"canonical\" href=\"https:\/\/glowupdz.com\/ar\/product\/probio-cica-enrich-cream-15-ml-2\/\" \/>\n<meta property=\"og:locale\" content=\"ar_AR\" \/>\n<meta property=\"og:type\" content=\"article\" \/>\n<meta property=\"og:title\" content=\"Tranexamic Acid + Glutathione Eye Cream 30ml - Glowup\" \/>\n<meta property=\"og:description\" content=\"Bienfaits et avantages : Cette cr\u00e8me contour des yeux cruelty-free est enrichie en 1000 ppm d&#8217;acide tranexamique et en glutathion, pour aider \u00e0 lutter contre les cernes et les taches de rousseur tout en affinant le grain de peau et en illuminant la zone du contour des yeux. Son glutathion aux puissantes propri\u00e9t\u00e9s antioxydantes et [&hellip;]\" \/>\n<meta property=\"og:url\" content=\"https:\/\/glowupdz.com\/ar\/product\/probio-cica-enrich-cream-15-ml-2\/\" \/>\n<meta property=\"og:site_name\" content=\"Glowup\" \/>\n<meta property=\"article:publisher\" content=\"https:\/\/www.facebook.com\/NADA.GUERFAL\/\" \/>\n<meta property=\"article:modified_time\" content=\"2025-06-12T16:41:08+00:00\" \/>\n<meta property=\"og:image\" content=\"https:\/\/glowupdz.com\/wp-content\/uploads\/2025\/05\/1000043439.jpg\" \/>\n\t<meta property=\"og:image:width\" content=\"640\" \/>\n\t<meta property=\"og:image:height\" content=\"640\" \/>\n\t<meta property=\"og:image:type\" content=\"image\/jpeg\" \/>\n<meta name=\"twitter:card\" content=\"summary_large_image\" \/>\n<meta name=\"twitter:label1\" content=\"\u0648\u0642\u062a \u0627\u0644\u0642\u0631\u0627\u0621\u0629 \u0627\u0644\u0645\u064f\u0642\u062f\u0651\u0631\" \/>\n\t<meta name=\"twitter:data1\" content=\"\u062f\u0642\u064a\u0642\u0629 \u0648\u0627\u062d\u062f\u0629\" \/>\n<script type=\"application\/ld+json\" class=\"yoast-schema-graph\">{\"@context\":\"https:\/\/schema.org\",\"@graph\":[{\"@type\":\"WebPage\",\"@id\":\"https:\/\/glowupdz.com\/product\/probio-cica-enrich-cream-15-ml-2\/\",\"url\":\"https:\/\/glowupdz.com\/product\/probio-cica-enrich-cream-15-ml-2\/\",\"name\":\"Tranexamic Acid + Glutathione Eye Cream 30ml - Glowup\",\"isPartOf\":{\"@id\":\"https:\/\/glowupdz.com\/#website\"},\"primaryImageOfPage\":{\"@id\":\"https:\/\/glowupdz.com\/product\/probio-cica-enrich-cream-15-ml-2\/#primaryimage\"},\"image\":{\"@id\":\"https:\/\/glowupdz.com\/product\/probio-cica-enrich-cream-15-ml-2\/#primaryimage\"},\"thumbnailUrl\":\"https:\/\/glowupdz.com\/wp-content\/uploads\/2025\/05\/1000043439.jpg\",\"datePublished\":\"2025-05-19T18:23:07+00:00\",\"dateModified\":\"2025-06-12T16:41:08+00:00\",\"breadcrumb\":{\"@id\":\"https:\/\/glowupdz.com\/product\/probio-cica-enrich-cream-15-ml-2\/#breadcrumb\"},\"inLanguage\":\"ar\",\"potentialAction\":[{\"@type\":\"ReadAction\",\"target\":[\"https:\/\/glowupdz.com\/product\/probio-cica-enrich-cream-15-ml-2\/\"]}]},{\"@type\":\"ImageObject\",\"inLanguage\":\"ar\",\"@id\":\"https:\/\/glowupdz.com\/product\/probio-cica-enrich-cream-15-ml-2\/#primaryimage\",\"url\":\"https:\/\/glowupdz.com\/wp-content\/uploads\/2025\/05\/1000043439.jpg\",\"contentUrl\":\"https:\/\/glowupdz.com\/wp-content\/uploads\/2025\/05\/1000043439.jpg\",\"width\":640,\"height\":640},{\"@type\":\"BreadcrumbList\",\"@id\":\"https:\/\/glowupdz.com\/product\/probio-cica-enrich-cream-15-ml-2\/#breadcrumb\",\"itemListElement\":[{\"@type\":\"ListItem\",\"position\":1,\"name\":\"\u0627\u0644\u0631\u0626\u064a\u0633\u064a\u0629\",\"item\":\"https:\/\/glowupdz.com\/\"},{\"@type\":\"ListItem\",\"position\":2,\"name\":\"Shop\",\"item\":\"https:\/\/glowupdz.com\/shop\/\"},{\"@type\":\"ListItem\",\"position\":3,\"name\":\"Tranexamic Acid + Glutathione Eye Cream 30ml\"}]},{\"@type\":\"WebSite\",\"@id\":\"https:\/\/glowupdz.com\/#website\",\"url\":\"https:\/\/glowupdz.com\/\",\"name\":\"Glowup\",\"description\":\"\u0645\u062a\u062c\u0631 \u0645\u0646\u062a\u062c\u0627\u062a \u0627\u0644\u062a\u062c\u0645\u064a\u0644 \u0648\u0627\u0644\u0639\u0646\u0627\u064a\u0629 \u0628\u0627\u0644\u0628\u0634\u0631\u0629\",\"publisher\":{\"@id\":\"https:\/\/glowupdz.com\/#organization\"},\"potentialAction\":[{\"@type\":\"SearchAction\",\"target\":{\"@type\":\"EntryPoint\",\"urlTemplate\":\"https:\/\/glowupdz.com\/?s={search_term_string}\"},\"query-input\":{\"@type\":\"PropertyValueSpecification\",\"valueRequired\":true,\"valueName\":\"search_term_string\"}}],\"inLanguage\":\"ar\"},{\"@type\":\"Organization\",\"@id\":\"https:\/\/glowupdz.com\/#organization\",\"name\":\"Glowup\",\"url\":\"https:\/\/glowupdz.com\/\",\"logo\":{\"@type\":\"ImageObject\",\"inLanguage\":\"ar\",\"@id\":\"https:\/\/glowupdz.com\/#\/schema\/logo\/image\/\",\"url\":\"https:\/\/glowupdz.com\/wp-content\/uploads\/2024\/10\/e7zGHyBexuscIqNpdFrtjAT8tNaqQR1LxFbQ0Tub.png\",\"contentUrl\":\"https:\/\/glowupdz.com\/wp-content\/uploads\/2024\/10\/e7zGHyBexuscIqNpdFrtjAT8tNaqQR1LxFbQ0Tub.png\",\"width\":450,\"height\":100,\"caption\":\"Glowup\"},\"image\":{\"@id\":\"https:\/\/glowupdz.com\/#\/schema\/logo\/image\/\"},\"sameAs\":[\"https:\/\/www.facebook.com\/NADA.GUERFAL\/\",\"https:\/\/www.instagram.com\/glow_up_dz\/?hl=en\",\"https:\/\/www.tiktok.com\/@glowupdz\"]}]}<\/script>\n<!-- \/ Yoast SEO plugin. -->","yoast_head_json":{"title":"Tranexamic Acid + Glutathione Eye Cream 30ml - Glowup","robots":{"index":"index","follow":"follow","max-snippet":"max-snippet:-1","max-image-preview":"max-image-preview:large","max-video-preview":"max-video-preview:-1"},"canonical":"https:\/\/glowupdz.com\/ar\/product\/probio-cica-enrich-cream-15-ml-2\/","og_locale":"ar_AR","og_type":"article","og_title":"Tranexamic Acid + Glutathione Eye Cream 30ml - Glowup","og_description":"Bienfaits et avantages : Cette cr\u00e8me contour des yeux cruelty-free est enrichie en 1000 ppm d&#8217;acide tranexamique et en glutathion, pour aider \u00e0 lutter contre les cernes et les taches de rousseur tout en affinant le grain de peau et en illuminant la zone du contour des yeux. Son glutathion aux puissantes propri\u00e9t\u00e9s antioxydantes et [&hellip;]","og_url":"https:\/\/glowupdz.com\/ar\/product\/probio-cica-enrich-cream-15-ml-2\/","og_site_name":"Glowup","article_publisher":"https:\/\/www.facebook.com\/NADA.GUERFAL\/","article_modified_time":"2025-06-12T16:41:08+00:00","og_image":[{"width":640,"height":640,"url":"https:\/\/glowupdz.com\/wp-content\/uploads\/2025\/05\/1000043439.jpg","type":"image\/jpeg"}],"twitter_card":"summary_large_image","twitter_misc":{"\u0648\u0642\u062a \u0627\u0644\u0642\u0631\u0627\u0621\u0629 \u0627\u0644\u0645\u064f\u0642\u062f\u0651\u0631":"\u062f\u0642\u064a\u0642\u0629 \u0648\u0627\u062d\u062f\u0629"},"schema":{"@context":"https:\/\/schema.org","@graph":[{"@type":"WebPage","@id":"https:\/\/glowupdz.com\/product\/probio-cica-enrich-cream-15-ml-2\/","url":"https:\/\/glowupdz.com\/product\/probio-cica-enrich-cream-15-ml-2\/","name":"Tranexamic Acid + Glutathione Eye Cream 30ml - Glowup","isPartOf":{"@id":"https:\/\/glowupdz.com\/#website"},"primaryImageOfPage":{"@id":"https:\/\/glowupdz.com\/product\/probio-cica-enrich-cream-15-ml-2\/#primaryimage"},"image":{"@id":"https:\/\/glowupdz.com\/product\/probio-cica-enrich-cream-15-ml-2\/#primaryimage"},"thumbnailUrl":"https:\/\/glowupdz.com\/wp-content\/uploads\/2025\/05\/1000043439.jpg","datePublished":"2025-05-19T18:23:07+00:00","dateModified":"2025-06-12T16:41:08+00:00","breadcrumb":{"@id":"https:\/\/glowupdz.com\/product\/probio-cica-enrich-cream-15-ml-2\/#breadcrumb"},"inLanguage":"ar","potentialAction":[{"@type":"ReadAction","target":["https:\/\/glowupdz.com\/product\/probio-cica-enrich-cream-15-ml-2\/"]}]},{"@type":"ImageObject","inLanguage":"ar","@id":"https:\/\/glowupdz.com\/product\/probio-cica-enrich-cream-15-ml-2\/#primaryimage","url":"https:\/\/glowupdz.com\/wp-content\/uploads\/2025\/05\/1000043439.jpg","contentUrl":"https:\/\/glowupdz.com\/wp-content\/uploads\/2025\/05\/1000043439.jpg","width":640,"height":640},{"@type":"BreadcrumbList","@id":"https:\/\/glowupdz.com\/product\/probio-cica-enrich-cream-15-ml-2\/#breadcrumb","itemListElement":[{"@type":"ListItem","position":1,"name":"\u0627\u0644\u0631\u0626\u064a\u0633\u064a\u0629","item":"https:\/\/glowupdz.com\/"},{"@type":"ListItem","position":2,"name":"Shop","item":"https:\/\/glowupdz.com\/shop\/"},{"@type":"ListItem","position":3,"name":"Tranexamic Acid + Glutathione Eye Cream 30ml"}]},{"@type":"WebSite","@id":"https:\/\/glowupdz.com\/#website","url":"https:\/\/glowupdz.com\/","name":"Glowup","description":"\u0645\u062a\u062c\u0631 \u0645\u0646\u062a\u062c\u0627\u062a \u0627\u0644\u062a\u062c\u0645\u064a\u0644 \u0648\u0627\u0644\u0639\u0646\u0627\u064a\u0629 \u0628\u0627\u0644\u0628\u0634\u0631\u0629","publisher":{"@id":"https:\/\/glowupdz.com\/#organization"},"potentialAction":[{"@type":"SearchAction","target":{"@type":"EntryPoint","urlTemplate":"https:\/\/glowupdz.com\/?s={search_term_string}"},"query-input":{"@type":"PropertyValueSpecification","valueRequired":true,"valueName":"search_term_string"}}],"inLanguage":"ar"},{"@type":"Organization","@id":"https:\/\/glowupdz.com\/#organization","name":"Glowup","url":"https:\/\/glowupdz.com\/","logo":{"@type":"ImageObject","inLanguage":"ar","@id":"https:\/\/glowupdz.com\/#\/schema\/logo\/image\/","url":"https:\/\/glowupdz.com\/wp-content\/uploads\/2024\/10\/e7zGHyBexuscIqNpdFrtjAT8tNaqQR1LxFbQ0Tub.png","contentUrl":"https:\/\/glowupdz.com\/wp-content\/uploads\/2024\/10\/e7zGHyBexuscIqNpdFrtjAT8tNaqQR1LxFbQ0Tub.png","width":450,"height":100,"caption":"Glowup"},"image":{"@id":"https:\/\/glowupdz.com\/#\/schema\/logo\/image\/"},"sameAs":["https:\/\/www.facebook.com\/NADA.GUERFAL\/","https:\/\/www.instagram.com\/glow_up_dz\/?hl=en","https:\/\/www.tiktok.com\/@glowupdz"]}]}},"_links":{"self":[{"href":"https:\/\/glowupdz.com\/ar\/wp-json\/wp\/v2\/product\/10259","targetHints":{"allow":["GET"]}}],"collection":[{"href":"https:\/\/glowupdz.com\/ar\/wp-json\/wp\/v2\/product"}],"about":[{"href":"https:\/\/glowupdz.com\/ar\/wp-json\/wp\/v2\/types\/product"}],"replies":[{"embeddable":true,"href":"https:\/\/glowupdz.com\/ar\/wp-json\/wp\/v2\/comments?post=10259"}],"wp:featuredmedia":[{"embeddable":true,"href":"https:\/\/glowupdz.com\/ar\/wp-json\/wp\/v2\/media\/10261"}],"wp:attachment":[{"href":"https:\/\/glowupdz.com\/ar\/wp-json\/wp\/v2\/media?parent=10259"}],"wp:term":[{"taxonomy":"product_brand","embeddable":true,"href":"https:\/\/glowupdz.com\/ar\/wp-json\/wp\/v2\/product_brand?post=10259"},{"taxonomy":"product_cat","embeddable":true,"href":"https:\/\/glowupdz.com\/ar\/wp-json\/wp\/v2\/product_cat?post=10259"},{"taxonomy":"product_tag","embeddable":true,"href":"https:\/\/glowupdz.com\/ar\/wp-json\/wp\/v2\/product_tag?post=10259"}],"curies":[{"name":"wp","href":"https:\/\/api.w.org\/{rel}","templated":true}]}}