{"id":10096,"date":"2025-05-08T23:13:13","date_gmt":"2025-05-08T23:13:13","guid":{"rendered":"https:\/\/glowupdz.com\/?post_type=product&#038;p=10096"},"modified":"2025-12-11T13:32:01","modified_gmt":"2025-12-11T13:32:01","slug":"v-neck-linen-t-shirt-3","status":"publish","type":"product","link":"https:\/\/glowupdz.com\/ar\/product\/v-neck-linen-t-shirt-3\/","title":{"rendered":"Glason pour visage"},"content":{"rendered":"<p>1 masseur rouleau \u00e0 glace, rouleau \u00e0 gla\u00e7ons convient pour le conditionnement naturel et les soins de la peau du visage, des yeux et du cou, enl\u00e8ve les poches sous les yeux, soulage les migraines, moule \u00e0 glace en silicone r\u00e9utilisable pour massage.<\/p>","protected":false},"excerpt":{"rendered":"<p>Button-up shirt sleeves and a relaxed silhouette. It\u2019s tailored with drapey, crinkle-texture fabric that\u2019s made from LENZING\u2122 ECOVERO\u2122 Viscose \u2014 responsibly sourced wood-based fibres produced through a process that reduces impact on forests, biodiversity and water supply.<\/p>","protected":false},"featured_media":10104,"comment_status":"open","ping_status":"closed","template":"","meta":{"_monsterinsights_skip_tracking":false,"_monsterinsights_sitenote_active":false,"_monsterinsights_sitenote_note":"","_monsterinsights_sitenote_category":0},"product_brand":[],"product_cat":[126,85,107,308,52],"product_tag":[],"class_list":{"0":"post-10096","1":"product","2":"type-product","3":"status-publish","4":"has-post-thumbnail","6":"product_cat-cosmetics","7":"product_cat-sale","8":"product_cat-shampoo","9":"product_cat-skin-care","10":"product_cat-women","12":"first","13":"instock","14":"taxable","15":"shipping-taxable","16":"purchasable","17":"product-type-variable"},"yoast_head":"<!-- This site is optimized with the Yoast SEO plugin v25.2 - https:\/\/yoast.com\/wordpress\/plugins\/seo\/ -->\n<title>Glason pour visage - Glowup<\/title>\n<meta name=\"robots\" content=\"index, follow, max-snippet:-1, max-image-preview:large, max-video-preview:-1\" \/>\n<link rel=\"canonical\" href=\"https:\/\/glowupdz.com\/ar\/product\/v-neck-linen-t-shirt-3\/\" \/>\n<meta property=\"og:locale\" content=\"ar_AR\" \/>\n<meta property=\"og:type\" content=\"article\" \/>\n<meta property=\"og:title\" content=\"Glason pour visage - Glowup\" \/>\n<meta property=\"og:description\" content=\"Button-up shirt sleeves and a relaxed silhouette. It\u2019s tailored with drapey, crinkle-texture fabric that\u2019s made from LENZING\u2122 ECOVERO\u2122 Viscose \u2014 responsibly sourced wood-based fibres produced through a process that reduces impact on forests, biodiversity and water supply.\" \/>\n<meta property=\"og:url\" content=\"https:\/\/glowupdz.com\/ar\/product\/v-neck-linen-t-shirt-3\/\" \/>\n<meta property=\"og:site_name\" content=\"Glowup\" \/>\n<meta property=\"article:publisher\" content=\"https:\/\/www.facebook.com\/NADA.GUERFAL\/\" \/>\n<meta property=\"article:modified_time\" content=\"2025-12-11T13:32:01+00:00\" \/>\n<meta property=\"og:image\" content=\"https:\/\/glowupdz.com\/wp-content\/uploads\/2025\/05\/1000042576.jpg\" \/>\n\t<meta property=\"og:image:width\" content=\"1079\" \/>\n\t<meta property=\"og:image:height\" content=\"1078\" \/>\n\t<meta property=\"og:image:type\" content=\"image\/jpeg\" \/>\n<meta name=\"twitter:card\" content=\"summary_large_image\" \/>\n<script type=\"application\/ld+json\" class=\"yoast-schema-graph\">{\"@context\":\"https:\/\/schema.org\",\"@graph\":[{\"@type\":\"WebPage\",\"@id\":\"https:\/\/glowupdz.com\/product\/v-neck-linen-t-shirt-3\/\",\"url\":\"https:\/\/glowupdz.com\/product\/v-neck-linen-t-shirt-3\/\",\"name\":\"Glason pour visage - Glowup\",\"isPartOf\":{\"@id\":\"https:\/\/glowupdz.com\/#website\"},\"primaryImageOfPage\":{\"@id\":\"https:\/\/glowupdz.com\/product\/v-neck-linen-t-shirt-3\/#primaryimage\"},\"image\":{\"@id\":\"https:\/\/glowupdz.com\/product\/v-neck-linen-t-shirt-3\/#primaryimage\"},\"thumbnailUrl\":\"https:\/\/glowupdz.com\/wp-content\/uploads\/2025\/05\/1000042576.jpg\",\"datePublished\":\"2025-05-08T23:13:13+00:00\",\"dateModified\":\"2025-12-11T13:32:01+00:00\",\"breadcrumb\":{\"@id\":\"https:\/\/glowupdz.com\/product\/v-neck-linen-t-shirt-3\/#breadcrumb\"},\"inLanguage\":\"ar\",\"potentialAction\":[{\"@type\":\"ReadAction\",\"target\":[\"https:\/\/glowupdz.com\/product\/v-neck-linen-t-shirt-3\/\"]}]},{\"@type\":\"ImageObject\",\"inLanguage\":\"ar\",\"@id\":\"https:\/\/glowupdz.com\/product\/v-neck-linen-t-shirt-3\/#primaryimage\",\"url\":\"https:\/\/glowupdz.com\/wp-content\/uploads\/2025\/05\/1000042576.jpg\",\"contentUrl\":\"https:\/\/glowupdz.com\/wp-content\/uploads\/2025\/05\/1000042576.jpg\",\"width\":1079,\"height\":1078},{\"@type\":\"BreadcrumbList\",\"@id\":\"https:\/\/glowupdz.com\/product\/v-neck-linen-t-shirt-3\/#breadcrumb\",\"itemListElement\":[{\"@type\":\"ListItem\",\"position\":1,\"name\":\"\u0627\u0644\u0631\u0626\u064a\u0633\u064a\u0629\",\"item\":\"https:\/\/glowupdz.com\/\"},{\"@type\":\"ListItem\",\"position\":2,\"name\":\"Shop\",\"item\":\"https:\/\/glowupdz.com\/shop\/\"},{\"@type\":\"ListItem\",\"position\":3,\"name\":\"Glason pour visage\"}]},{\"@type\":\"WebSite\",\"@id\":\"https:\/\/glowupdz.com\/#website\",\"url\":\"https:\/\/glowupdz.com\/\",\"name\":\"Glowup\",\"description\":\"\u0645\u062a\u062c\u0631 \u0645\u0646\u062a\u062c\u0627\u062a \u0627\u0644\u062a\u062c\u0645\u064a\u0644 \u0648\u0627\u0644\u0639\u0646\u0627\u064a\u0629 \u0628\u0627\u0644\u0628\u0634\u0631\u0629\",\"publisher\":{\"@id\":\"https:\/\/glowupdz.com\/#organization\"},\"potentialAction\":[{\"@type\":\"SearchAction\",\"target\":{\"@type\":\"EntryPoint\",\"urlTemplate\":\"https:\/\/glowupdz.com\/?s={search_term_string}\"},\"query-input\":{\"@type\":\"PropertyValueSpecification\",\"valueRequired\":true,\"valueName\":\"search_term_string\"}}],\"inLanguage\":\"ar\"},{\"@type\":\"Organization\",\"@id\":\"https:\/\/glowupdz.com\/#organization\",\"name\":\"Glowup\",\"url\":\"https:\/\/glowupdz.com\/\",\"logo\":{\"@type\":\"ImageObject\",\"inLanguage\":\"ar\",\"@id\":\"https:\/\/glowupdz.com\/#\/schema\/logo\/image\/\",\"url\":\"https:\/\/glowupdz.com\/wp-content\/uploads\/2024\/10\/e7zGHyBexuscIqNpdFrtjAT8tNaqQR1LxFbQ0Tub.png\",\"contentUrl\":\"https:\/\/glowupdz.com\/wp-content\/uploads\/2024\/10\/e7zGHyBexuscIqNpdFrtjAT8tNaqQR1LxFbQ0Tub.png\",\"width\":450,\"height\":100,\"caption\":\"Glowup\"},\"image\":{\"@id\":\"https:\/\/glowupdz.com\/#\/schema\/logo\/image\/\"},\"sameAs\":[\"https:\/\/www.facebook.com\/NADA.GUERFAL\/\",\"https:\/\/www.instagram.com\/glow_up_dz\/?hl=en\",\"https:\/\/www.tiktok.com\/@glowupdz\"]}]}<\/script>\n<!-- \/ Yoast SEO plugin. -->","yoast_head_json":{"title":"Glason pour visage - Glowup","robots":{"index":"index","follow":"follow","max-snippet":"max-snippet:-1","max-image-preview":"max-image-preview:large","max-video-preview":"max-video-preview:-1"},"canonical":"https:\/\/glowupdz.com\/ar\/product\/v-neck-linen-t-shirt-3\/","og_locale":"ar_AR","og_type":"article","og_title":"Glason pour visage - Glowup","og_description":"Button-up shirt sleeves and a relaxed silhouette. It\u2019s tailored with drapey, crinkle-texture fabric that\u2019s made from LENZING\u2122 ECOVERO\u2122 Viscose \u2014 responsibly sourced wood-based fibres produced through a process that reduces impact on forests, biodiversity and water supply.","og_url":"https:\/\/glowupdz.com\/ar\/product\/v-neck-linen-t-shirt-3\/","og_site_name":"Glowup","article_publisher":"https:\/\/www.facebook.com\/NADA.GUERFAL\/","article_modified_time":"2025-12-11T13:32:01+00:00","og_image":[{"width":1079,"height":1078,"url":"https:\/\/glowupdz.com\/wp-content\/uploads\/2025\/05\/1000042576.jpg","type":"image\/jpeg"}],"twitter_card":"summary_large_image","schema":{"@context":"https:\/\/schema.org","@graph":[{"@type":"WebPage","@id":"https:\/\/glowupdz.com\/product\/v-neck-linen-t-shirt-3\/","url":"https:\/\/glowupdz.com\/product\/v-neck-linen-t-shirt-3\/","name":"Glason pour visage - Glowup","isPartOf":{"@id":"https:\/\/glowupdz.com\/#website"},"primaryImageOfPage":{"@id":"https:\/\/glowupdz.com\/product\/v-neck-linen-t-shirt-3\/#primaryimage"},"image":{"@id":"https:\/\/glowupdz.com\/product\/v-neck-linen-t-shirt-3\/#primaryimage"},"thumbnailUrl":"https:\/\/glowupdz.com\/wp-content\/uploads\/2025\/05\/1000042576.jpg","datePublished":"2025-05-08T23:13:13+00:00","dateModified":"2025-12-11T13:32:01+00:00","breadcrumb":{"@id":"https:\/\/glowupdz.com\/product\/v-neck-linen-t-shirt-3\/#breadcrumb"},"inLanguage":"ar","potentialAction":[{"@type":"ReadAction","target":["https:\/\/glowupdz.com\/product\/v-neck-linen-t-shirt-3\/"]}]},{"@type":"ImageObject","inLanguage":"ar","@id":"https:\/\/glowupdz.com\/product\/v-neck-linen-t-shirt-3\/#primaryimage","url":"https:\/\/glowupdz.com\/wp-content\/uploads\/2025\/05\/1000042576.jpg","contentUrl":"https:\/\/glowupdz.com\/wp-content\/uploads\/2025\/05\/1000042576.jpg","width":1079,"height":1078},{"@type":"BreadcrumbList","@id":"https:\/\/glowupdz.com\/product\/v-neck-linen-t-shirt-3\/#breadcrumb","itemListElement":[{"@type":"ListItem","position":1,"name":"\u0627\u0644\u0631\u0626\u064a\u0633\u064a\u0629","item":"https:\/\/glowupdz.com\/"},{"@type":"ListItem","position":2,"name":"Shop","item":"https:\/\/glowupdz.com\/shop\/"},{"@type":"ListItem","position":3,"name":"Glason pour visage"}]},{"@type":"WebSite","@id":"https:\/\/glowupdz.com\/#website","url":"https:\/\/glowupdz.com\/","name":"Glowup","description":"\u0645\u062a\u062c\u0631 \u0645\u0646\u062a\u062c\u0627\u062a \u0627\u0644\u062a\u062c\u0645\u064a\u0644 \u0648\u0627\u0644\u0639\u0646\u0627\u064a\u0629 \u0628\u0627\u0644\u0628\u0634\u0631\u0629","publisher":{"@id":"https:\/\/glowupdz.com\/#organization"},"potentialAction":[{"@type":"SearchAction","target":{"@type":"EntryPoint","urlTemplate":"https:\/\/glowupdz.com\/?s={search_term_string}"},"query-input":{"@type":"PropertyValueSpecification","valueRequired":true,"valueName":"search_term_string"}}],"inLanguage":"ar"},{"@type":"Organization","@id":"https:\/\/glowupdz.com\/#organization","name":"Glowup","url":"https:\/\/glowupdz.com\/","logo":{"@type":"ImageObject","inLanguage":"ar","@id":"https:\/\/glowupdz.com\/#\/schema\/logo\/image\/","url":"https:\/\/glowupdz.com\/wp-content\/uploads\/2024\/10\/e7zGHyBexuscIqNpdFrtjAT8tNaqQR1LxFbQ0Tub.png","contentUrl":"https:\/\/glowupdz.com\/wp-content\/uploads\/2024\/10\/e7zGHyBexuscIqNpdFrtjAT8tNaqQR1LxFbQ0Tub.png","width":450,"height":100,"caption":"Glowup"},"image":{"@id":"https:\/\/glowupdz.com\/#\/schema\/logo\/image\/"},"sameAs":["https:\/\/www.facebook.com\/NADA.GUERFAL\/","https:\/\/www.instagram.com\/glow_up_dz\/?hl=en","https:\/\/www.tiktok.com\/@glowupdz"]}]}},"_links":{"self":[{"href":"https:\/\/glowupdz.com\/ar\/wp-json\/wp\/v2\/product\/10096","targetHints":{"allow":["GET"]}}],"collection":[{"href":"https:\/\/glowupdz.com\/ar\/wp-json\/wp\/v2\/product"}],"about":[{"href":"https:\/\/glowupdz.com\/ar\/wp-json\/wp\/v2\/types\/product"}],"replies":[{"embeddable":true,"href":"https:\/\/glowupdz.com\/ar\/wp-json\/wp\/v2\/comments?post=10096"}],"wp:featuredmedia":[{"embeddable":true,"href":"https:\/\/glowupdz.com\/ar\/wp-json\/wp\/v2\/media\/10104"}],"wp:attachment":[{"href":"https:\/\/glowupdz.com\/ar\/wp-json\/wp\/v2\/media?parent=10096"}],"wp:term":[{"taxonomy":"product_brand","embeddable":true,"href":"https:\/\/glowupdz.com\/ar\/wp-json\/wp\/v2\/product_brand?post=10096"},{"taxonomy":"product_cat","embeddable":true,"href":"https:\/\/glowupdz.com\/ar\/wp-json\/wp\/v2\/product_cat?post=10096"},{"taxonomy":"product_tag","embeddable":true,"href":"https:\/\/glowupdz.com\/ar\/wp-json\/wp\/v2\/product_tag?post=10096"}],"curies":[{"name":"wp","href":"https:\/\/api.w.org\/{rel}","templated":true}]}}