{"id":10066,"date":"2025-05-02T21:20:13","date_gmt":"2025-05-02T21:20:13","guid":{"rendered":"https:\/\/glowupdz.com\/?post_type=product&#038;p=10066"},"modified":"2026-03-25T00:21:52","modified_gmt":"2026-03-25T00:21:52","slug":"papillon-blanc-rose","status":"publish","type":"product","link":"https:\/\/glowupdz.com\/ar\/product\/papillon-blanc-rose\/","title":{"rendered":"Papillon Blanc \/ Rose"},"content":{"rendered":"<div class=\"product-intro__head-sku-ctn\">\n<div class=\"product-intro__head-sku\">\n<h6 class=\"product-intro__head-name fsp-element\" style=\"text-align: left;\" tabindex=\"0\">1 pi\u00e8ce Clip \u00e0 cheveux n\u0153ud velours rouge avec ruban<\/h6>\n<\/div>\n<\/div>\n<div class=\"product-intro__head-sku-ctn\">\n<div class=\"product-intro__head-sku\">\n<div class=\"common-sizeinfo is-modal\" data-v-068e7708=\"\">\n<div class=\"common-sizetable\" data-v-068e7708=\"\">\n<div class=\"common-sizetable__notice\" style=\"text-align: left;\" data-v-068e7708=\"\">\n<div class=\"common-sizeinfo is-modal\" data-v-068e7708=\"\">\n<div class=\"common-sizetable\" data-v-068e7708=\"\">\n<div class=\"common-sizetable__notice\" data-v-068e7708=\"\">\n<div class=\"common-sizetable__out-wrap\" data-v-068e7708=\"\">\n<div class=\"sg-table__part-wrap\" data-v-068e7708=\"\"><\/div>\n<\/div>\n<\/div>\n<\/div>\n<\/div>\n<div class=\"product__model\"><\/div>\n<\/div>\n<\/div>\n<\/div>\n<\/div>\n<\/div>","protected":false},"excerpt":{"rendered":"<p>1 pi\u00e8ce Clip \u00e0 cheveux n\u0153ud velours rouge avec ruban<\/p>","protected":false},"featured_media":10030,"comment_status":"open","ping_status":"closed","template":"","meta":{"_monsterinsights_skip_tracking":false,"_monsterinsights_sitenote_active":true,"_monsterinsights_sitenote_note":"Published: Papillon Blanc \/ Rose","_monsterinsights_sitenote_category":255},"product_brand":[260],"product_cat":[304,124],"product_tag":[],"class_list":{"0":"post-10066","1":"product","2":"type-product","3":"status-publish","4":"has-post-thumbnail","6":"product_brand-shein","7":"product_cat-accessoires","8":"product_cat-clothes","10":"first","11":"instock","12":"taxable","13":"shipping-taxable","14":"purchasable","15":"product-type-simple"},"yoast_head":"<!-- This site is optimized with the Yoast SEO plugin v25.2 - https:\/\/yoast.com\/wordpress\/plugins\/seo\/ -->\n<title>Papillon Blanc \/ Rose - Glowup<\/title>\n<meta name=\"robots\" content=\"index, follow, max-snippet:-1, max-image-preview:large, max-video-preview:-1\" \/>\n<link rel=\"canonical\" href=\"https:\/\/glowupdz.com\/ar\/product\/papillon-blanc-rose\/\" \/>\n<meta property=\"og:locale\" content=\"ar_AR\" \/>\n<meta property=\"og:type\" content=\"article\" \/>\n<meta property=\"og:title\" content=\"Papillon Blanc \/ Rose - Glowup\" \/>\n<meta property=\"og:description\" content=\"1 pi\u00e8ce Clip \u00e0 cheveux n\u0153ud velours rouge avec ruban\" \/>\n<meta property=\"og:url\" content=\"https:\/\/glowupdz.com\/ar\/product\/papillon-blanc-rose\/\" \/>\n<meta property=\"og:site_name\" content=\"Glowup\" \/>\n<meta property=\"article:publisher\" content=\"https:\/\/www.facebook.com\/NADA.GUERFAL\/\" \/>\n<meta property=\"article:modified_time\" content=\"2026-03-25T00:21:52+00:00\" \/>\n<meta property=\"og:image\" content=\"https:\/\/glowupdz.com\/wp-content\/uploads\/2025\/05\/FA8B9AA1-8B3F-40AF-AB07-07134D3AED67.jpeg\" \/>\n\t<meta property=\"og:image:width\" content=\"1439\" \/>\n\t<meta property=\"og:image:height\" content=\"1796\" \/>\n\t<meta property=\"og:image:type\" content=\"image\/jpeg\" \/>\n<meta name=\"twitter:card\" content=\"summary_large_image\" \/>\n<meta name=\"twitter:label1\" content=\"\u0648\u0642\u062a \u0627\u0644\u0642\u0631\u0627\u0621\u0629 \u0627\u0644\u0645\u064f\u0642\u062f\u0651\u0631\" \/>\n\t<meta name=\"twitter:data1\" content=\"\u062f\u0642\u064a\u0642\u0629 \u0648\u0627\u062d\u062f\u0629\" \/>\n<script type=\"application\/ld+json\" class=\"yoast-schema-graph\">{\"@context\":\"https:\/\/schema.org\",\"@graph\":[{\"@type\":\"WebPage\",\"@id\":\"https:\/\/glowupdz.com\/product\/papillon-blanc-rose\/\",\"url\":\"https:\/\/glowupdz.com\/product\/papillon-blanc-rose\/\",\"name\":\"Papillon Blanc \/ Rose - Glowup\",\"isPartOf\":{\"@id\":\"https:\/\/glowupdz.com\/#website\"},\"primaryImageOfPage\":{\"@id\":\"https:\/\/glowupdz.com\/product\/papillon-blanc-rose\/#primaryimage\"},\"image\":{\"@id\":\"https:\/\/glowupdz.com\/product\/papillon-blanc-rose\/#primaryimage\"},\"thumbnailUrl\":\"https:\/\/glowupdz.com\/wp-content\/uploads\/2025\/05\/FA8B9AA1-8B3F-40AF-AB07-07134D3AED67.jpeg\",\"datePublished\":\"2025-05-02T21:20:13+00:00\",\"dateModified\":\"2026-03-25T00:21:52+00:00\",\"breadcrumb\":{\"@id\":\"https:\/\/glowupdz.com\/product\/papillon-blanc-rose\/#breadcrumb\"},\"inLanguage\":\"ar\",\"potentialAction\":[{\"@type\":\"ReadAction\",\"target\":[\"https:\/\/glowupdz.com\/product\/papillon-blanc-rose\/\"]}]},{\"@type\":\"ImageObject\",\"inLanguage\":\"ar\",\"@id\":\"https:\/\/glowupdz.com\/product\/papillon-blanc-rose\/#primaryimage\",\"url\":\"https:\/\/glowupdz.com\/wp-content\/uploads\/2025\/05\/FA8B9AA1-8B3F-40AF-AB07-07134D3AED67.jpeg\",\"contentUrl\":\"https:\/\/glowupdz.com\/wp-content\/uploads\/2025\/05\/FA8B9AA1-8B3F-40AF-AB07-07134D3AED67.jpeg\",\"width\":1439,\"height\":1796},{\"@type\":\"BreadcrumbList\",\"@id\":\"https:\/\/glowupdz.com\/product\/papillon-blanc-rose\/#breadcrumb\",\"itemListElement\":[{\"@type\":\"ListItem\",\"position\":1,\"name\":\"\u0627\u0644\u0631\u0626\u064a\u0633\u064a\u0629\",\"item\":\"https:\/\/glowupdz.com\/\"},{\"@type\":\"ListItem\",\"position\":2,\"name\":\"Shop\",\"item\":\"https:\/\/glowupdz.com\/shop\/\"},{\"@type\":\"ListItem\",\"position\":3,\"name\":\"Papillon Blanc \/ Rose\"}]},{\"@type\":\"WebSite\",\"@id\":\"https:\/\/glowupdz.com\/#website\",\"url\":\"https:\/\/glowupdz.com\/\",\"name\":\"Glowup\",\"description\":\"\u0645\u062a\u062c\u0631 \u0645\u0646\u062a\u062c\u0627\u062a \u0627\u0644\u062a\u062c\u0645\u064a\u0644 \u0648\u0627\u0644\u0639\u0646\u0627\u064a\u0629 \u0628\u0627\u0644\u0628\u0634\u0631\u0629\",\"publisher\":{\"@id\":\"https:\/\/glowupdz.com\/#organization\"},\"potentialAction\":[{\"@type\":\"SearchAction\",\"target\":{\"@type\":\"EntryPoint\",\"urlTemplate\":\"https:\/\/glowupdz.com\/?s={search_term_string}\"},\"query-input\":{\"@type\":\"PropertyValueSpecification\",\"valueRequired\":true,\"valueName\":\"search_term_string\"}}],\"inLanguage\":\"ar\"},{\"@type\":\"Organization\",\"@id\":\"https:\/\/glowupdz.com\/#organization\",\"name\":\"Glowup\",\"url\":\"https:\/\/glowupdz.com\/\",\"logo\":{\"@type\":\"ImageObject\",\"inLanguage\":\"ar\",\"@id\":\"https:\/\/glowupdz.com\/#\/schema\/logo\/image\/\",\"url\":\"https:\/\/glowupdz.com\/wp-content\/uploads\/2024\/10\/e7zGHyBexuscIqNpdFrtjAT8tNaqQR1LxFbQ0Tub.png\",\"contentUrl\":\"https:\/\/glowupdz.com\/wp-content\/uploads\/2024\/10\/e7zGHyBexuscIqNpdFrtjAT8tNaqQR1LxFbQ0Tub.png\",\"width\":450,\"height\":100,\"caption\":\"Glowup\"},\"image\":{\"@id\":\"https:\/\/glowupdz.com\/#\/schema\/logo\/image\/\"},\"sameAs\":[\"https:\/\/www.facebook.com\/NADA.GUERFAL\/\",\"https:\/\/www.instagram.com\/glow_up_dz\/?hl=en\",\"https:\/\/www.tiktok.com\/@glowupdz\"]}]}<\/script>\n<!-- \/ Yoast SEO plugin. -->","yoast_head_json":{"title":"Papillon Blanc \/ Rose - Glowup","robots":{"index":"index","follow":"follow","max-snippet":"max-snippet:-1","max-image-preview":"max-image-preview:large","max-video-preview":"max-video-preview:-1"},"canonical":"https:\/\/glowupdz.com\/ar\/product\/papillon-blanc-rose\/","og_locale":"ar_AR","og_type":"article","og_title":"Papillon Blanc \/ Rose - Glowup","og_description":"1 pi\u00e8ce Clip \u00e0 cheveux n\u0153ud velours rouge avec ruban","og_url":"https:\/\/glowupdz.com\/ar\/product\/papillon-blanc-rose\/","og_site_name":"Glowup","article_publisher":"https:\/\/www.facebook.com\/NADA.GUERFAL\/","article_modified_time":"2026-03-25T00:21:52+00:00","og_image":[{"width":1439,"height":1796,"url":"https:\/\/glowupdz.com\/wp-content\/uploads\/2025\/05\/FA8B9AA1-8B3F-40AF-AB07-07134D3AED67.jpeg","type":"image\/jpeg"}],"twitter_card":"summary_large_image","twitter_misc":{"\u0648\u0642\u062a \u0627\u0644\u0642\u0631\u0627\u0621\u0629 \u0627\u0644\u0645\u064f\u0642\u062f\u0651\u0631":"\u062f\u0642\u064a\u0642\u0629 \u0648\u0627\u062d\u062f\u0629"},"schema":{"@context":"https:\/\/schema.org","@graph":[{"@type":"WebPage","@id":"https:\/\/glowupdz.com\/product\/papillon-blanc-rose\/","url":"https:\/\/glowupdz.com\/product\/papillon-blanc-rose\/","name":"Papillon Blanc \/ Rose - Glowup","isPartOf":{"@id":"https:\/\/glowupdz.com\/#website"},"primaryImageOfPage":{"@id":"https:\/\/glowupdz.com\/product\/papillon-blanc-rose\/#primaryimage"},"image":{"@id":"https:\/\/glowupdz.com\/product\/papillon-blanc-rose\/#primaryimage"},"thumbnailUrl":"https:\/\/glowupdz.com\/wp-content\/uploads\/2025\/05\/FA8B9AA1-8B3F-40AF-AB07-07134D3AED67.jpeg","datePublished":"2025-05-02T21:20:13+00:00","dateModified":"2026-03-25T00:21:52+00:00","breadcrumb":{"@id":"https:\/\/glowupdz.com\/product\/papillon-blanc-rose\/#breadcrumb"},"inLanguage":"ar","potentialAction":[{"@type":"ReadAction","target":["https:\/\/glowupdz.com\/product\/papillon-blanc-rose\/"]}]},{"@type":"ImageObject","inLanguage":"ar","@id":"https:\/\/glowupdz.com\/product\/papillon-blanc-rose\/#primaryimage","url":"https:\/\/glowupdz.com\/wp-content\/uploads\/2025\/05\/FA8B9AA1-8B3F-40AF-AB07-07134D3AED67.jpeg","contentUrl":"https:\/\/glowupdz.com\/wp-content\/uploads\/2025\/05\/FA8B9AA1-8B3F-40AF-AB07-07134D3AED67.jpeg","width":1439,"height":1796},{"@type":"BreadcrumbList","@id":"https:\/\/glowupdz.com\/product\/papillon-blanc-rose\/#breadcrumb","itemListElement":[{"@type":"ListItem","position":1,"name":"\u0627\u0644\u0631\u0626\u064a\u0633\u064a\u0629","item":"https:\/\/glowupdz.com\/"},{"@type":"ListItem","position":2,"name":"Shop","item":"https:\/\/glowupdz.com\/shop\/"},{"@type":"ListItem","position":3,"name":"Papillon Blanc \/ Rose"}]},{"@type":"WebSite","@id":"https:\/\/glowupdz.com\/#website","url":"https:\/\/glowupdz.com\/","name":"Glowup","description":"\u0645\u062a\u062c\u0631 \u0645\u0646\u062a\u062c\u0627\u062a \u0627\u0644\u062a\u062c\u0645\u064a\u0644 \u0648\u0627\u0644\u0639\u0646\u0627\u064a\u0629 \u0628\u0627\u0644\u0628\u0634\u0631\u0629","publisher":{"@id":"https:\/\/glowupdz.com\/#organization"},"potentialAction":[{"@type":"SearchAction","target":{"@type":"EntryPoint","urlTemplate":"https:\/\/glowupdz.com\/?s={search_term_string}"},"query-input":{"@type":"PropertyValueSpecification","valueRequired":true,"valueName":"search_term_string"}}],"inLanguage":"ar"},{"@type":"Organization","@id":"https:\/\/glowupdz.com\/#organization","name":"Glowup","url":"https:\/\/glowupdz.com\/","logo":{"@type":"ImageObject","inLanguage":"ar","@id":"https:\/\/glowupdz.com\/#\/schema\/logo\/image\/","url":"https:\/\/glowupdz.com\/wp-content\/uploads\/2024\/10\/e7zGHyBexuscIqNpdFrtjAT8tNaqQR1LxFbQ0Tub.png","contentUrl":"https:\/\/glowupdz.com\/wp-content\/uploads\/2024\/10\/e7zGHyBexuscIqNpdFrtjAT8tNaqQR1LxFbQ0Tub.png","width":450,"height":100,"caption":"Glowup"},"image":{"@id":"https:\/\/glowupdz.com\/#\/schema\/logo\/image\/"},"sameAs":["https:\/\/www.facebook.com\/NADA.GUERFAL\/","https:\/\/www.instagram.com\/glow_up_dz\/?hl=en","https:\/\/www.tiktok.com\/@glowupdz"]}]}},"_links":{"self":[{"href":"https:\/\/glowupdz.com\/ar\/wp-json\/wp\/v2\/product\/10066","targetHints":{"allow":["GET"]}}],"collection":[{"href":"https:\/\/glowupdz.com\/ar\/wp-json\/wp\/v2\/product"}],"about":[{"href":"https:\/\/glowupdz.com\/ar\/wp-json\/wp\/v2\/types\/product"}],"replies":[{"embeddable":true,"href":"https:\/\/glowupdz.com\/ar\/wp-json\/wp\/v2\/comments?post=10066"}],"wp:featuredmedia":[{"embeddable":true,"href":"https:\/\/glowupdz.com\/ar\/wp-json\/wp\/v2\/media\/10030"}],"wp:attachment":[{"href":"https:\/\/glowupdz.com\/ar\/wp-json\/wp\/v2\/media?parent=10066"}],"wp:term":[{"taxonomy":"product_brand","embeddable":true,"href":"https:\/\/glowupdz.com\/ar\/wp-json\/wp\/v2\/product_brand?post=10066"},{"taxonomy":"product_cat","embeddable":true,"href":"https:\/\/glowupdz.com\/ar\/wp-json\/wp\/v2\/product_cat?post=10066"},{"taxonomy":"product_tag","embeddable":true,"href":"https:\/\/glowupdz.com\/ar\/wp-json\/wp\/v2\/product_tag?post=10066"}],"curies":[{"name":"wp","href":"https:\/\/api.w.org\/{rel}","templated":true}]}}